{"id":1530,"date":"2012-05-11T14:08:38","date_gmt":"2012-05-11T14:08:38","guid":{"rendered":"http:\/\/www.presto.ma\/que-es-presto\/"},"modified":"2014-05-16T14:44:24","modified_gmt":"2014-05-16T14:44:24","slug":"que-es-presto","status":"publish","type":"page","link":"http:\/\/www.presto.ma\/ca\/presto-es-tot-aixo\/que-es-presto\/","title":{"rendered":"Que \u00e9s Presto?"},"content":{"rendered":"<h3><a class=\"pdf\" title=\"Qu\u00e8 \u00e9s Presto?\" href=\"http:\/\/www.presto.ma\/wp-content\/uploads\/Qu\u00e8-\u00e9s-Presto-Cat\u00e0leg-de-Presto.pdf\" target=\"_blank\">Qu\u00e8 \u00e9s Presto?<\/a><\/h3>\r\n<p>Presto \u00e9s el programari de gesti\u00f3 de costos per a la edificaci\u00f3 i l&#8217;obra civil m\u00e9s dif\u00f3s en els pa\u00efsos de parla hispana.<\/p>\r\n<h3>Presto \u00e9s tot aix\u00f2<\/h3>\r\n<p>Presto \u00e9s un programa integrat per al control dels costos d&#8217;un projecte de construcci\u00f3, que abasta les diferents necessitats de tots els agents i en totes les fases que hi intervenen.<\/p>\r\n<h3>Interf\u00edcie d&#8217;\u00fas<\/h3>\r\n<p>Presto \u00e9s totalment compatible amb els criteris i els costums habituals de Windows.<\/p>\r\n<h3>Internacionalitzaci\u00f3<\/h3>\r\n<p>La interf\u00edcie de Presto esta disponible en: castell\u00e0, Catal\u00e0, Portugu\u00e8s \/ brasiler, Angl\u00e8s, Franc\u00e8s Itali\u00e0 Ruman\u00e8s, Polon\u00e8s i Alemany. Gr\u00e0cies a les seves possibilitats de personalitzaci\u00f3, es suporten les necessitats de diferents entorns legals i culturals.<\/p>\r\n<h3>Impressi\u00f3 i connectivitat<\/h3>\r\n<p>Presto pot generar la informaci\u00f3 en informes impresos o en formats PDF, RTF i ASCII o inserint dades del pressupost en plantilles d&#8217;Excel o Word.\r\nLes dades es poden exportar a BC3, WML, Access, Excel, Word, Project i Primavera.<\/p>\r\n<h3>Modulaci\u00f3<\/h3>\r\n<p>Les funcions de presto estan agrupades en m\u00f2duls, orientats als diferents processos d&#8217;usuari.<\/p>\r\n<h3>Documentaci\u00f3 t\u00e8cnica<\/h3>\r\n<p>Presto es pot executar en sistemes operatius Windows, Disposa d&#8217;acc\u00e9s multiusuari als documents, en xarxa local i a traves d&#8217;Internet.<\/p>\r\n<hr><\/hr>\r\n<div class=\"altres\">\r\n<h3>Altres pdf&#8217;s&#8230;<\/h3>\r\n<h5 class=\"mitg\"><a class=\"pdf\" title=\"Presto \u00e9s tot aix\u00f2\" href=\"http:\/\/www.presto.ma\/wp-content\/uploads\/Presto-\u00e9s-tot-aix\u00f3-Cat\u00e0leg-de-Presto.pdf\" target=\"_blank\">Presto \u00e9s tot aix\u00f2<\/a><\/h5>\r\n<h5 class=\"mitg\"><a class=\"pdf\" title=\"Interf\u00edcie d'\u00fas\" href=\"http:\/\/www.presto.ma\/wp-content\/uploads\/Interf\u00edcie-d\u00fas-Cat\u00e0leg-de-Presto.pdf\" target=\"_blank\">Interf\u00edcie d&#8217;\u00fas<\/a><\/h5>\r\n<h5 class=\"mitg\"><a class=\"pdf\" title=\"Internacionalitzaci\u00f3\" href=\"http:\/\/www.presto.ma\/wp-content\/uploads\/Internacionalitzaci\u00f3-Cat\u00e0leg-de-Presto.pdf\" target=\"_blank\">Internacionalitzaci\u00f3<\/a><\/h5>\r\n<h5 class=\"mitg\"><a class=\"pdf\" title=\"Impressi\u00f3 i connectivitat\" href=\"http:\/\/www.presto.ma\/wp-content\/uploads\/Impressi\u00f3-i-connectivitat-Cat\u00e0leg-de-Presto.pdf\" target=\"_blank\">Impressi\u00f3 i connectivitat<\/a><\/h5>\r\n<h5 class=\"mitg\"><a class=\"pdf\" title=\"Modulaci\u00f3\" href=\"http:\/\/www.presto.ma\/wp-content\/uploads\/Modulaci\u00f3-Cat\u00e0leg-de-Presto.pdf\" target=\"_blank\">Modulaci\u00f3<\/a><\/h5>\r\n<h5 class=\"mitg\"><a class=\"pdf\" title=\"Documentaci\u00f3 t\u00e8cnica\" href=\"http:\/\/www.presto.ma\/wp-content\/uploads\/Documentaci\u00f3-t\u00e8cnica-Cat\u00e0leg-de-Presto.pdf\" target=\"_blank\">Documentaci\u00f3 t\u00e8cnica<\/a><\/h5><\/div><!-- AddThis Advanced Settings generic via filter on the_content --><!-- AddThis Share Buttons generic via filter on the_content -->","protected":false},"excerpt":{"rendered":"<p>Qu\u00e8 \u00e9s Presto? Presto \u00e9s el programari de gesti\u00f3 de costos per a la edificaci\u00f3 i l&#8217;obra civil m\u00e9s dif\u00f3s en els pa\u00efsos de parla hispana. Presto \u00e9s tot aix\u00f2 Presto \u00e9s un programa integrat per al control dels costos &hellip; <a href=\"http:\/\/www.presto.ma\/ca\/presto-es-tot-aixo\/que-es-presto\/\">Continue reading <span class=\"meta-nav\">&rarr;<\/span><\/a><!-- AddThis Advanced Settings generic via filter on wp_trim_excerpt --><!-- AddThis Share Buttons generic via filter on wp_trim_excerpt --><\/p>\n","protected":false},"author":2,"featured_media":0,"parent":1532,"menu_order":1,"comment_status":"closed","ping_status":"closed","template":"","meta":{"_monsterinsights_skip_tracking":false,"_monsterinsights_sitenote_active":false,"_monsterinsights_sitenote_note":"","_monsterinsights_sitenote_category":0,"footnotes":""},"class_list":["post-1530","page","type-page","status-publish","hentry"],"yoast_head":"<!-- This site is optimized with the Yoast SEO plugin v27.4 - https:\/\/yoast.com\/product\/yoast-seo-wordpress\/ -->\n<title>Que \u00e9s Presto? - Presto<\/title>\n<meta name=\"robots\" content=\"index, follow, max-snippet:-1, max-image-preview:large, max-video-preview:-1\" \/>\n<link rel=\"canonical\" href=\"http:\/\/www.presto.ma\/ca\/presto-es-tot-aixo\/que-es-presto\/\" \/>\n<meta property=\"og:locale\" content=\"ca_ES\" \/>\n<meta property=\"og:type\" content=\"article\" \/>\n<meta property=\"og:title\" content=\"Que \u00e9s Presto? - Presto\" \/>\n<meta property=\"og:description\" content=\"Qu\u00e8 \u00e9s Presto? Presto \u00e9s el programari de gesti\u00f3 de costos per a la edificaci\u00f3 i l&#8217;obra civil m\u00e9s dif\u00f3s en els pa\u00efsos de parla hispana. Presto \u00e9s tot aix\u00f2 Presto \u00e9s un programa integrat per al control dels costos &hellip; Continue reading &rarr;\" \/>\n<meta property=\"og:url\" content=\"http:\/\/www.presto.ma\/ca\/presto-es-tot-aixo\/que-es-presto\/\" \/>\n<meta property=\"og:site_name\" content=\"Presto\" \/>\n<meta property=\"article:modified_time\" content=\"2014-05-16T14:44:24+00:00\" \/>\n<meta name=\"twitter:label1\" content=\"Temps estimat de lectura\" \/>\n\t<meta name=\"twitter:data1\" content=\"1 minut\" \/>\n<script type=\"application\/ld+json\" class=\"yoast-schema-graph\">{\"@context\":\"https:\\\/\\\/schema.org\",\"@graph\":[{\"@type\":\"WebPage\",\"@id\":\"http:\\\/\\\/www.presto.ma\\\/ca\\\/presto-es-tot-aixo\\\/que-es-presto\\\/\",\"url\":\"http:\\\/\\\/www.presto.ma\\\/ca\\\/presto-es-tot-aixo\\\/que-es-presto\\\/\",\"name\":\"Que \u00e9s Presto? - Presto\",\"isPartOf\":{\"@id\":\"http:\\\/\\\/www.presto.ma\\\/ca\\\/#website\"},\"datePublished\":\"2012-05-11T14:08:38+00:00\",\"dateModified\":\"2014-05-16T14:44:24+00:00\",\"breadcrumb\":{\"@id\":\"http:\\\/\\\/www.presto.ma\\\/ca\\\/presto-es-tot-aixo\\\/que-es-presto\\\/#breadcrumb\"},\"inLanguage\":\"ca\",\"potentialAction\":[{\"@type\":\"ReadAction\",\"target\":[\"http:\\\/\\\/www.presto.ma\\\/ca\\\/presto-es-tot-aixo\\\/que-es-presto\\\/\"]}]},{\"@type\":\"BreadcrumbList\",\"@id\":\"http:\\\/\\\/www.presto.ma\\\/ca\\\/presto-es-tot-aixo\\\/que-es-presto\\\/#breadcrumb\",\"itemListElement\":[{\"@type\":\"ListItem\",\"position\":1,\"name\":\"Portada\",\"item\":\"http:\\\/\\\/www.presto.ma\\\/ca\\\/\"},{\"@type\":\"ListItem\",\"position\":2,\"name\":\"Que \u00e9s Presto\",\"item\":\"http:\\\/\\\/www.presto.ma\\\/ca\\\/\"},{\"@type\":\"ListItem\",\"position\":3,\"name\":\"Que \u00e9s Presto?\"}]},{\"@type\":\"WebSite\",\"@id\":\"http:\\\/\\\/www.presto.ma\\\/ca\\\/#website\",\"url\":\"http:\\\/\\\/www.presto.ma\\\/ca\\\/\",\"name\":\"Presto\",\"description\":\"Gestion de co\u00fbts pour la construction\",\"potentialAction\":[{\"@type\":\"SearchAction\",\"target\":{\"@type\":\"EntryPoint\",\"urlTemplate\":\"http:\\\/\\\/www.presto.ma\\\/ca\\\/?s={search_term_string}\"},\"query-input\":{\"@type\":\"PropertyValueSpecification\",\"valueRequired\":true,\"valueName\":\"search_term_string\"}}],\"inLanguage\":\"ca\"}]}<\/script>\n<!-- \/ Yoast SEO plugin. -->","yoast_head_json":{"title":"Que \u00e9s Presto? - Presto","robots":{"index":"index","follow":"follow","max-snippet":"max-snippet:-1","max-image-preview":"max-image-preview:large","max-video-preview":"max-video-preview:-1"},"canonical":"http:\/\/www.presto.ma\/ca\/presto-es-tot-aixo\/que-es-presto\/","og_locale":"ca_ES","og_type":"article","og_title":"Que \u00e9s Presto? - Presto","og_description":"Qu\u00e8 \u00e9s Presto? Presto \u00e9s el programari de gesti\u00f3 de costos per a la edificaci\u00f3 i l&#8217;obra civil m\u00e9s dif\u00f3s en els pa\u00efsos de parla hispana. Presto \u00e9s tot aix\u00f2 Presto \u00e9s un programa integrat per al control dels costos &hellip; Continue reading &rarr;","og_url":"http:\/\/www.presto.ma\/ca\/presto-es-tot-aixo\/que-es-presto\/","og_site_name":"Presto","article_modified_time":"2014-05-16T14:44:24+00:00","twitter_misc":{"Temps estimat de lectura":"1 minut"},"schema":{"@context":"https:\/\/schema.org","@graph":[{"@type":"WebPage","@id":"http:\/\/www.presto.ma\/ca\/presto-es-tot-aixo\/que-es-presto\/","url":"http:\/\/www.presto.ma\/ca\/presto-es-tot-aixo\/que-es-presto\/","name":"Que \u00e9s Presto? - Presto","isPartOf":{"@id":"http:\/\/www.presto.ma\/ca\/#website"},"datePublished":"2012-05-11T14:08:38+00:00","dateModified":"2014-05-16T14:44:24+00:00","breadcrumb":{"@id":"http:\/\/www.presto.ma\/ca\/presto-es-tot-aixo\/que-es-presto\/#breadcrumb"},"inLanguage":"ca","potentialAction":[{"@type":"ReadAction","target":["http:\/\/www.presto.ma\/ca\/presto-es-tot-aixo\/que-es-presto\/"]}]},{"@type":"BreadcrumbList","@id":"http:\/\/www.presto.ma\/ca\/presto-es-tot-aixo\/que-es-presto\/#breadcrumb","itemListElement":[{"@type":"ListItem","position":1,"name":"Portada","item":"http:\/\/www.presto.ma\/ca\/"},{"@type":"ListItem","position":2,"name":"Que \u00e9s Presto","item":"http:\/\/www.presto.ma\/ca\/"},{"@type":"ListItem","position":3,"name":"Que \u00e9s Presto?"}]},{"@type":"WebSite","@id":"http:\/\/www.presto.ma\/ca\/#website","url":"http:\/\/www.presto.ma\/ca\/","name":"Presto","description":"Gestion de co\u00fbts pour la construction","potentialAction":[{"@type":"SearchAction","target":{"@type":"EntryPoint","urlTemplate":"http:\/\/www.presto.ma\/ca\/?s={search_term_string}"},"query-input":{"@type":"PropertyValueSpecification","valueRequired":true,"valueName":"search_term_string"}}],"inLanguage":"ca"}]}},"_links":{"self":[{"href":"http:\/\/www.presto.ma\/ca\/wp-json\/wp\/v2\/pages\/1530","targetHints":{"allow":["GET"]}}],"collection":[{"href":"http:\/\/www.presto.ma\/ca\/wp-json\/wp\/v2\/pages"}],"about":[{"href":"http:\/\/www.presto.ma\/ca\/wp-json\/wp\/v2\/types\/page"}],"author":[{"embeddable":true,"href":"http:\/\/www.presto.ma\/ca\/wp-json\/wp\/v2\/users\/2"}],"replies":[{"embeddable":true,"href":"http:\/\/www.presto.ma\/ca\/wp-json\/wp\/v2\/comments?post=1530"}],"version-history":[{"count":1,"href":"http:\/\/www.presto.ma\/ca\/wp-json\/wp\/v2\/pages\/1530\/revisions"}],"predecessor-version":[{"id":1601,"href":"http:\/\/www.presto.ma\/ca\/wp-json\/wp\/v2\/pages\/1530\/revisions\/1601"}],"up":[{"embeddable":true,"href":"http:\/\/www.presto.ma\/ca\/wp-json\/wp\/v2\/pages\/1532"}],"wp:attachment":[{"href":"http:\/\/www.presto.ma\/ca\/wp-json\/wp\/v2\/media?parent=1530"}],"curies":[{"name":"wp","href":"https:\/\/api.w.org\/{rel}","templated":true}]}}