{"id":1536,"date":"2012-05-11T14:33:49","date_gmt":"2012-05-11T14:33:49","guid":{"rendered":"http:\/\/www.presto.ma\/qui-som\/"},"modified":"2014-09-22T16:10:59","modified_gmt":"2014-09-22T16:10:59","slug":"qui-som","status":"publish","type":"page","link":"http:\/\/www.presto.ma\/ca\/qui-som\/","title":{"rendered":"Qui som?"},"content":{"rendered":"<strong><a class=\"link\" href=\"http:\/\/www.abac-consultors.com\">\u00c0BAC Consultors del Vall\u00e8s, SLU<\/a><\/strong> \u00e9s un equip de professionals amb m\u00e9s de 15 anys d&#8217;experi\u00e8ncia en el sector de la construcci\u00f3, que proporciona serveis de consultoria, venta i instal\u00b7laci\u00f3 de programaris, formaci\u00f3 i suport t\u00e8cnic.\r\n\r\nEls nostres productes inclouen programaris de pressupostos i control de costos i de sistemes de gesti\u00f3 integrats (qualitat, gesti\u00f3 mediambiental, seguretat i salut, seguretat inform\u00e0tica i responsabilitat social a l&#8217;empresa).\r\n\r\nTamb\u00e9 oferim serveis de consultoria i formaci\u00f3, per assegurar una posta en marxa r\u00e0pida i rendible, responent a les necessitats de l&#8217;empresa.\r\n\r\nUs convidem a contactar amb nosaltres per a que us puguem oferir els nostres serveis i solucions.\r\n\r\n&nbsp;\r\n\r\n<strong><a class=\"link\" href=\"http:\/\/www.presto.es\">Els editors de Presto<\/a><\/strong>\r\nSoft, SA \u00e9s una empresa espanyola que desemvolupa el programari Presto, de gesti\u00f3 de projectes de construcci\u00f3, i compte entre els seus clients estudis de projectistes. enginyeries i empreses de construcci\u00f3 de tota mida.\r\n\r\nSoft disposa d&#8217;una xarxa de distribuidors qualificats en tot el territori espanyol especialistes en programari t\u00e8cnic, composta de mes de 80 delegacions comercials que permeten oferir servei als usuaris en la seva propia zona geogr\u00e0fica.\r\n\r\nAquesta xarxa va augmentant gradualment amb la incorporaci\u00f3 d&#8217;altres distribuidors i majoristes en pa\u00efssos d&#8217;Am\u00e8rica llatina, Portugal i el continent afric\u00e0.<!-- AddThis Advanced Settings generic via filter on the_content --><!-- AddThis Share Buttons generic via filter on the_content -->","protected":false},"excerpt":{"rendered":"<p>\u00c0BAC Consultors del Vall\u00e8s, SLU \u00e9s un equip de professionals amb m\u00e9s de 15 anys d&#8217;experi\u00e8ncia en el sector de la construcci\u00f3, que proporciona serveis de consultoria, venta i instal\u00b7laci\u00f3 de programaris, formaci\u00f3 i suport t\u00e8cnic. Els nostres productes inclouen &hellip; <a href=\"http:\/\/www.presto.ma\/ca\/qui-som\/\">Continue reading <span class=\"meta-nav\">&rarr;<\/span><\/a><!-- AddThis Advanced Settings generic via filter on wp_trim_excerpt --><!-- AddThis Share Buttons generic via filter on wp_trim_excerpt --><\/p>\n","protected":false},"author":4,"featured_media":0,"parent":0,"menu_order":0,"comment_status":"closed","ping_status":"closed","template":"","meta":{"_monsterinsights_skip_tracking":false,"_monsterinsights_sitenote_active":false,"_monsterinsights_sitenote_note":"","_monsterinsights_sitenote_category":0,"footnotes":""},"class_list":["post-1536","page","type-page","status-publish","hentry"],"yoast_head":"<!-- This site is optimized with the Yoast SEO plugin v27.4 - https:\/\/yoast.com\/product\/yoast-seo-wordpress\/ -->\n<title>Qui som? - Presto<\/title>\n<meta name=\"robots\" content=\"index, follow, max-snippet:-1, max-image-preview:large, max-video-preview:-1\" \/>\n<link rel=\"canonical\" href=\"http:\/\/www.presto.ma\/ca\/qui-som\/\" \/>\n<meta property=\"og:locale\" content=\"ca_ES\" \/>\n<meta property=\"og:type\" content=\"article\" \/>\n<meta property=\"og:title\" content=\"Qui som? - Presto\" \/>\n<meta property=\"og:description\" content=\"\u00c0BAC Consultors del Vall\u00e8s, SLU \u00e9s un equip de professionals amb m\u00e9s de 15 anys d&#8217;experi\u00e8ncia en el sector de la construcci\u00f3, que proporciona serveis de consultoria, venta i instal\u00b7laci\u00f3 de programaris, formaci\u00f3 i suport t\u00e8cnic. Els nostres productes inclouen &hellip; Continue reading &rarr;\" \/>\n<meta property=\"og:url\" content=\"http:\/\/www.presto.ma\/ca\/qui-som\/\" \/>\n<meta property=\"og:site_name\" content=\"Presto\" \/>\n<meta property=\"article:modified_time\" content=\"2014-09-22T16:10:59+00:00\" \/>\n<meta name=\"twitter:label1\" content=\"Temps estimat de lectura\" \/>\n\t<meta name=\"twitter:data1\" content=\"1 minut\" \/>\n<script type=\"application\/ld+json\" class=\"yoast-schema-graph\">{\"@context\":\"https:\\\/\\\/schema.org\",\"@graph\":[{\"@type\":\"WebPage\",\"@id\":\"http:\\\/\\\/www.presto.ma\\\/ca\\\/qui-som\\\/\",\"url\":\"http:\\\/\\\/www.presto.ma\\\/ca\\\/qui-som\\\/\",\"name\":\"Qui som? - Presto\",\"isPartOf\":{\"@id\":\"https:\\\/\\\/www.presto.ma\\\/#website\"},\"datePublished\":\"2012-05-11T14:33:49+00:00\",\"dateModified\":\"2014-09-22T16:10:59+00:00\",\"breadcrumb\":{\"@id\":\"http:\\\/\\\/www.presto.ma\\\/ca\\\/qui-som\\\/#breadcrumb\"},\"inLanguage\":\"ca\",\"potentialAction\":[{\"@type\":\"ReadAction\",\"target\":[\"http:\\\/\\\/www.presto.ma\\\/ca\\\/qui-som\\\/\"]}]},{\"@type\":\"BreadcrumbList\",\"@id\":\"http:\\\/\\\/www.presto.ma\\\/ca\\\/qui-som\\\/#breadcrumb\",\"itemListElement\":[{\"@type\":\"ListItem\",\"position\":1,\"name\":\"Portada\",\"item\":\"http:\\\/\\\/www.presto.ma\\\/ca\\\/\"},{\"@type\":\"ListItem\",\"position\":2,\"name\":\"Qui som?\"}]},{\"@type\":\"WebSite\",\"@id\":\"https:\\\/\\\/www.presto.ma\\\/#website\",\"url\":\"https:\\\/\\\/www.presto.ma\\\/\",\"name\":\"Presto\",\"description\":\"Gestion de co\u00fbts pour la construction\",\"potentialAction\":[{\"@type\":\"SearchAction\",\"target\":{\"@type\":\"EntryPoint\",\"urlTemplate\":\"https:\\\/\\\/www.presto.ma\\\/?s={search_term_string}\"},\"query-input\":{\"@type\":\"PropertyValueSpecification\",\"valueRequired\":true,\"valueName\":\"search_term_string\"}}],\"inLanguage\":\"ca\"}]}<\/script>\n<!-- \/ Yoast SEO plugin. -->","yoast_head_json":{"title":"Qui som? - Presto","robots":{"index":"index","follow":"follow","max-snippet":"max-snippet:-1","max-image-preview":"max-image-preview:large","max-video-preview":"max-video-preview:-1"},"canonical":"http:\/\/www.presto.ma\/ca\/qui-som\/","og_locale":"ca_ES","og_type":"article","og_title":"Qui som? - Presto","og_description":"\u00c0BAC Consultors del Vall\u00e8s, SLU \u00e9s un equip de professionals amb m\u00e9s de 15 anys d&#8217;experi\u00e8ncia en el sector de la construcci\u00f3, que proporciona serveis de consultoria, venta i instal\u00b7laci\u00f3 de programaris, formaci\u00f3 i suport t\u00e8cnic. Els nostres productes inclouen &hellip; Continue reading &rarr;","og_url":"http:\/\/www.presto.ma\/ca\/qui-som\/","og_site_name":"Presto","article_modified_time":"2014-09-22T16:10:59+00:00","twitter_misc":{"Temps estimat de lectura":"1 minut"},"schema":{"@context":"https:\/\/schema.org","@graph":[{"@type":"WebPage","@id":"http:\/\/www.presto.ma\/ca\/qui-som\/","url":"http:\/\/www.presto.ma\/ca\/qui-som\/","name":"Qui som? - Presto","isPartOf":{"@id":"https:\/\/www.presto.ma\/#website"},"datePublished":"2012-05-11T14:33:49+00:00","dateModified":"2014-09-22T16:10:59+00:00","breadcrumb":{"@id":"http:\/\/www.presto.ma\/ca\/qui-som\/#breadcrumb"},"inLanguage":"ca","potentialAction":[{"@type":"ReadAction","target":["http:\/\/www.presto.ma\/ca\/qui-som\/"]}]},{"@type":"BreadcrumbList","@id":"http:\/\/www.presto.ma\/ca\/qui-som\/#breadcrumb","itemListElement":[{"@type":"ListItem","position":1,"name":"Portada","item":"http:\/\/www.presto.ma\/ca\/"},{"@type":"ListItem","position":2,"name":"Qui som?"}]},{"@type":"WebSite","@id":"https:\/\/www.presto.ma\/#website","url":"https:\/\/www.presto.ma\/","name":"Presto","description":"Gestion de co\u00fbts pour la construction","potentialAction":[{"@type":"SearchAction","target":{"@type":"EntryPoint","urlTemplate":"https:\/\/www.presto.ma\/?s={search_term_string}"},"query-input":{"@type":"PropertyValueSpecification","valueRequired":true,"valueName":"search_term_string"}}],"inLanguage":"ca"}]}},"_links":{"self":[{"href":"http:\/\/www.presto.ma\/ca\/wp-json\/wp\/v2\/pages\/1536","targetHints":{"allow":["GET"]}}],"collection":[{"href":"http:\/\/www.presto.ma\/ca\/wp-json\/wp\/v2\/pages"}],"about":[{"href":"http:\/\/www.presto.ma\/ca\/wp-json\/wp\/v2\/types\/page"}],"author":[{"embeddable":true,"href":"http:\/\/www.presto.ma\/ca\/wp-json\/wp\/v2\/users\/4"}],"replies":[{"embeddable":true,"href":"http:\/\/www.presto.ma\/ca\/wp-json\/wp\/v2\/comments?post=1536"}],"version-history":[{"count":2,"href":"http:\/\/www.presto.ma\/ca\/wp-json\/wp\/v2\/pages\/1536\/revisions"}],"predecessor-version":[{"id":1658,"href":"http:\/\/www.presto.ma\/ca\/wp-json\/wp\/v2\/pages\/1536\/revisions\/1658"}],"wp:attachment":[{"href":"http:\/\/www.presto.ma\/ca\/wp-json\/wp\/v2\/media?parent=1536"}],"curies":[{"name":"wp","href":"https:\/\/api.w.org\/{rel}","templated":true}]}}