{"id":1550,"date":"2013-03-26T09:37:54","date_gmt":"2013-03-26T09:37:54","guid":{"rendered":"http:\/\/www.presto.ma\/presto-a-letapa-de-la-planificacio\/"},"modified":"2014-05-16T14:50:42","modified_gmt":"2014-05-16T14:50:42","slug":"presto-a-letapa-de-la-planificacio","status":"publish","type":"page","link":"http:\/\/www.presto.ma\/ca\/presto-es-tot-aixo\/presto-a-letapa-de-la-planificacio\/","title":{"rendered":"Presto a l&#8217;etapa de la planificaci\u00f3"},"content":{"rendered":"<h3><a class=\"pdf\" title=\"Presto a l'etapa de la planificaci\u00f3\" href=\"http:\/\/www.presto.ma\/wp-content\/uploads\/Presto-a-letapa-de-planificaci\u00f3-Cat\u00e0leg-de-Presto.pdf\" target=\"_blank\">Presto a l&#8217;etapa de la planificaci\u00f3<\/a><\/h3>\r\n<p>Presto disposa de les eines necess\u00e0ries per ajudar a les tasques pr\u00e8vies a l&#8217;execuci\u00f3 de l&#8217;obra.<\/p>\r\n<h3>Planificaci\u00f3 econ\u00f2mica i financera d&#8217;ingressos i costos<\/h3>\r\n<p>La planificaci\u00f3 econ\u00f2mica inclou tres tasques relacionades:<\/p>\r\n<ul>\r\n<li>Afegeix un pressupost de cost estimat, paral\u00b7lel al de venda, per l&#8217;empresa constructora que prepara una oferta i analitza el marge<\/li>\r\n<li>Permet periodificar l&#8217;execuci\u00f3 de l&#8217;obra per fases, obtenint una planificaci\u00f3 de costos per al promotor o una planificaci\u00f3 d&#8217;ingressos i despeses per a l&#8217;empresa constructora<\/li>\r\n<li>Permet obtenir una planificaci\u00f3 financera en les fases m\u00e9s inicials del projecte i aix\u00ed con\u00e8ixer les necessitats d&#8217;inversi\u00f3, les despeses financeres i l&#8217;an\u00e0lisi de la rendibilitat<\/li>\r\n<\/ul>\r\n<h3>Planificaci\u00f3 t\u00e8cnica o temporal<\/h3>\r\n<p>Presto complementa la planificaci\u00f3 temporal tradicional del diagrama de barres, basada en preced\u00e8ncies, amb sistemes espec\u00edfics per a la construcci\u00f3 de caracter\u00edstiques totalment exclusives:<\/p>\r\n<ul>\r\n<li>Integraci\u00f3 total de despeses i temps<\/li>\r\n<li>Estimaci\u00f3 de durades per rendiments i per costos<\/li>\r\n<li>Suport d&#8217;enlla\u00e7os dobles<\/li>\r\n<li>Diferents comportaments per a cada tipus de concepte<\/li>\r\n<li>Creaci\u00f3 de preced\u00e8ncies seq\u00fcencials<\/li>\r\n<\/ul>\r\n<h3>Gesti\u00f3 de compres i sots-contractes<\/h3>\r\n<p>La gesti\u00f3 de compres permet realitzar el proc\u00e9s complet de contractaci\u00f3 i aplecs dels recursos per a executar l&#8217;obra.<\/p>\r\n<ul>\r\n<li>Sol\u00b7licitar ofertes i escollir la m\u00e9s adequada, abans de l&#8217;execuci\u00f3<\/li>\r\n<li>Agilitzar la introducci\u00f3 de comandes, albarans i factures<\/li>\r\n<li>Proporcionar un sistema integrat de costos<\/li>\r\n<\/ul><!-- AddThis Advanced Settings generic via filter on the_content --><!-- AddThis Share Buttons generic via filter on the_content -->","protected":false},"excerpt":{"rendered":"<p>Presto a l&#8217;etapa de la planificaci\u00f3 Presto disposa de les eines necess\u00e0ries per ajudar a les tasques pr\u00e8vies a l&#8217;execuci\u00f3 de l&#8217;obra. Planificaci\u00f3 econ\u00f2mica i financera d&#8217;ingressos i costos La planificaci\u00f3 econ\u00f2mica inclou tres tasques relacionades: Afegeix un pressupost de &hellip; <a href=\"http:\/\/www.presto.ma\/ca\/presto-es-tot-aixo\/presto-a-letapa-de-la-planificacio\/\">Continue reading <span class=\"meta-nav\">&rarr;<\/span><\/a><!-- AddThis Advanced Settings generic via filter on wp_trim_excerpt --><!-- AddThis Share Buttons generic via filter on wp_trim_excerpt --><\/p>\n","protected":false},"author":2,"featured_media":0,"parent":1532,"menu_order":0,"comment_status":"closed","ping_status":"closed","template":"","meta":{"_monsterinsights_skip_tracking":false,"_monsterinsights_sitenote_active":false,"_monsterinsights_sitenote_note":"","_monsterinsights_sitenote_category":0,"footnotes":""},"class_list":["post-1550","page","type-page","status-publish","hentry"],"yoast_head":"<!-- This site is optimized with the Yoast SEO plugin v27.4 - https:\/\/yoast.com\/product\/yoast-seo-wordpress\/ -->\n<title>Presto a l&#039;etapa de la planificaci\u00f3 - Presto<\/title>\n<meta name=\"robots\" content=\"index, follow, max-snippet:-1, max-image-preview:large, max-video-preview:-1\" \/>\n<link rel=\"canonical\" href=\"http:\/\/www.presto.ma\/ca\/presto-es-tot-aixo\/presto-a-letapa-de-la-planificacio\/\" \/>\n<meta property=\"og:locale\" content=\"ca_ES\" \/>\n<meta property=\"og:type\" content=\"article\" \/>\n<meta property=\"og:title\" content=\"Presto a l&#039;etapa de la planificaci\u00f3 - Presto\" \/>\n<meta property=\"og:description\" content=\"Presto a l&#8217;etapa de la planificaci\u00f3 Presto disposa de les eines necess\u00e0ries per ajudar a les tasques pr\u00e8vies a l&#8217;execuci\u00f3 de l&#8217;obra. Planificaci\u00f3 econ\u00f2mica i financera d&#8217;ingressos i costos La planificaci\u00f3 econ\u00f2mica inclou tres tasques relacionades: Afegeix un pressupost de &hellip; Continue reading &rarr;\" \/>\n<meta property=\"og:url\" content=\"http:\/\/www.presto.ma\/ca\/presto-es-tot-aixo\/presto-a-letapa-de-la-planificacio\/\" \/>\n<meta property=\"og:site_name\" content=\"Presto\" \/>\n<meta property=\"article:modified_time\" content=\"2014-05-16T14:50:42+00:00\" \/>\n<meta name=\"twitter:label1\" content=\"Temps estimat de lectura\" \/>\n\t<meta name=\"twitter:data1\" content=\"1 minut\" \/>\n<script type=\"application\/ld+json\" class=\"yoast-schema-graph\">{\"@context\":\"https:\\\/\\\/schema.org\",\"@graph\":[{\"@type\":\"WebPage\",\"@id\":\"http:\\\/\\\/www.presto.ma\\\/ca\\\/presto-es-tot-aixo\\\/presto-a-letapa-de-la-planificacio\\\/\",\"url\":\"http:\\\/\\\/www.presto.ma\\\/ca\\\/presto-es-tot-aixo\\\/presto-a-letapa-de-la-planificacio\\\/\",\"name\":\"Presto a l'etapa de la planificaci\u00f3 - Presto\",\"isPartOf\":{\"@id\":\"http:\\\/\\\/www.presto.ma\\\/#website\"},\"datePublished\":\"2013-03-26T09:37:54+00:00\",\"dateModified\":\"2014-05-16T14:50:42+00:00\",\"breadcrumb\":{\"@id\":\"http:\\\/\\\/www.presto.ma\\\/ca\\\/presto-es-tot-aixo\\\/presto-a-letapa-de-la-planificacio\\\/#breadcrumb\"},\"inLanguage\":\"ca\",\"potentialAction\":[{\"@type\":\"ReadAction\",\"target\":[\"http:\\\/\\\/www.presto.ma\\\/ca\\\/presto-es-tot-aixo\\\/presto-a-letapa-de-la-planificacio\\\/\"]}]},{\"@type\":\"BreadcrumbList\",\"@id\":\"http:\\\/\\\/www.presto.ma\\\/ca\\\/presto-es-tot-aixo\\\/presto-a-letapa-de-la-planificacio\\\/#breadcrumb\",\"itemListElement\":[{\"@type\":\"ListItem\",\"position\":1,\"name\":\"Portada\",\"item\":\"http:\\\/\\\/www.presto.ma\\\/ca\\\/\"},{\"@type\":\"ListItem\",\"position\":2,\"name\":\"Que \u00e9s Presto\",\"item\":\"http:\\\/\\\/www.presto.ma\\\/ca\\\/\"},{\"@type\":\"ListItem\",\"position\":3,\"name\":\"Presto a l&#8217;etapa de la planificaci\u00f3\"}]},{\"@type\":\"WebSite\",\"@id\":\"http:\\\/\\\/www.presto.ma\\\/#website\",\"url\":\"http:\\\/\\\/www.presto.ma\\\/\",\"name\":\"Presto\",\"description\":\"Gestion de co\u00fbts pour la construction\",\"potentialAction\":[{\"@type\":\"SearchAction\",\"target\":{\"@type\":\"EntryPoint\",\"urlTemplate\":\"http:\\\/\\\/www.presto.ma\\\/?s={search_term_string}\"},\"query-input\":{\"@type\":\"PropertyValueSpecification\",\"valueRequired\":true,\"valueName\":\"search_term_string\"}}],\"inLanguage\":\"ca\"}]}<\/script>\n<!-- \/ Yoast SEO plugin. -->","yoast_head_json":{"title":"Presto a l'etapa de la planificaci\u00f3 - Presto","robots":{"index":"index","follow":"follow","max-snippet":"max-snippet:-1","max-image-preview":"max-image-preview:large","max-video-preview":"max-video-preview:-1"},"canonical":"http:\/\/www.presto.ma\/ca\/presto-es-tot-aixo\/presto-a-letapa-de-la-planificacio\/","og_locale":"ca_ES","og_type":"article","og_title":"Presto a l'etapa de la planificaci\u00f3 - Presto","og_description":"Presto a l&#8217;etapa de la planificaci\u00f3 Presto disposa de les eines necess\u00e0ries per ajudar a les tasques pr\u00e8vies a l&#8217;execuci\u00f3 de l&#8217;obra. Planificaci\u00f3 econ\u00f2mica i financera d&#8217;ingressos i costos La planificaci\u00f3 econ\u00f2mica inclou tres tasques relacionades: Afegeix un pressupost de &hellip; Continue reading &rarr;","og_url":"http:\/\/www.presto.ma\/ca\/presto-es-tot-aixo\/presto-a-letapa-de-la-planificacio\/","og_site_name":"Presto","article_modified_time":"2014-05-16T14:50:42+00:00","twitter_misc":{"Temps estimat de lectura":"1 minut"},"schema":{"@context":"https:\/\/schema.org","@graph":[{"@type":"WebPage","@id":"http:\/\/www.presto.ma\/ca\/presto-es-tot-aixo\/presto-a-letapa-de-la-planificacio\/","url":"http:\/\/www.presto.ma\/ca\/presto-es-tot-aixo\/presto-a-letapa-de-la-planificacio\/","name":"Presto a l'etapa de la planificaci\u00f3 - Presto","isPartOf":{"@id":"http:\/\/www.presto.ma\/#website"},"datePublished":"2013-03-26T09:37:54+00:00","dateModified":"2014-05-16T14:50:42+00:00","breadcrumb":{"@id":"http:\/\/www.presto.ma\/ca\/presto-es-tot-aixo\/presto-a-letapa-de-la-planificacio\/#breadcrumb"},"inLanguage":"ca","potentialAction":[{"@type":"ReadAction","target":["http:\/\/www.presto.ma\/ca\/presto-es-tot-aixo\/presto-a-letapa-de-la-planificacio\/"]}]},{"@type":"BreadcrumbList","@id":"http:\/\/www.presto.ma\/ca\/presto-es-tot-aixo\/presto-a-letapa-de-la-planificacio\/#breadcrumb","itemListElement":[{"@type":"ListItem","position":1,"name":"Portada","item":"http:\/\/www.presto.ma\/ca\/"},{"@type":"ListItem","position":2,"name":"Que \u00e9s Presto","item":"http:\/\/www.presto.ma\/ca\/"},{"@type":"ListItem","position":3,"name":"Presto a l&#8217;etapa de la planificaci\u00f3"}]},{"@type":"WebSite","@id":"http:\/\/www.presto.ma\/#website","url":"http:\/\/www.presto.ma\/","name":"Presto","description":"Gestion de co\u00fbts pour la construction","potentialAction":[{"@type":"SearchAction","target":{"@type":"EntryPoint","urlTemplate":"http:\/\/www.presto.ma\/?s={search_term_string}"},"query-input":{"@type":"PropertyValueSpecification","valueRequired":true,"valueName":"search_term_string"}}],"inLanguage":"ca"}]}},"_links":{"self":[{"href":"http:\/\/www.presto.ma\/ca\/wp-json\/wp\/v2\/pages\/1550","targetHints":{"allow":["GET"]}}],"collection":[{"href":"http:\/\/www.presto.ma\/ca\/wp-json\/wp\/v2\/pages"}],"about":[{"href":"http:\/\/www.presto.ma\/ca\/wp-json\/wp\/v2\/types\/page"}],"author":[{"embeddable":true,"href":"http:\/\/www.presto.ma\/ca\/wp-json\/wp\/v2\/users\/2"}],"replies":[{"embeddable":true,"href":"http:\/\/www.presto.ma\/ca\/wp-json\/wp\/v2\/comments?post=1550"}],"version-history":[{"count":1,"href":"http:\/\/www.presto.ma\/ca\/wp-json\/wp\/v2\/pages\/1550\/revisions"}],"predecessor-version":[{"id":1610,"href":"http:\/\/www.presto.ma\/ca\/wp-json\/wp\/v2\/pages\/1550\/revisions\/1610"}],"up":[{"embeddable":true,"href":"http:\/\/www.presto.ma\/ca\/wp-json\/wp\/v2\/pages\/1532"}],"wp:attachment":[{"href":"http:\/\/www.presto.ma\/ca\/wp-json\/wp\/v2\/media?parent=1550"}],"curies":[{"name":"wp","href":"https:\/\/api.w.org\/{rel}","templated":true}]}}