{"id":5738,"date":"2015-03-23T18:17:24","date_gmt":"2015-03-23T18:17:24","guid":{"rendered":"http:\/\/www.presto.ma\/?page_id=5738"},"modified":"2017-09-11T08:33:13","modified_gmt":"2017-09-11T08:33:13","slug":"presto-a-letapa-de-planificacio","status":"publish","type":"page","link":"http:\/\/www.presto.ma\/ca\/presto-a-letapa-de-planificacio\/","title":{"rendered":"Presto a l&#8217;etapa de planificaci\u00f3"},"content":{"rendered":"<p>Presto disposa de les eines necess\u00e0ries per a ajudar-lo en les tasques pr\u00e8vies a l\u2019execuci\u00f3 de l\u2019obra, com la planificaci\u00f3 econ\u00f2mica i financera d\u2019ingressos i costos o la planificaci\u00f3 temporal, com no trobar\u00e0 en cap altre programa de gesti\u00f3 de projectes de construcci\u00f3.<\/p>\r\n<a href=\"http:\/\/www.presto.ma\/wp-content\/uploads\/Etapa_planificaci\u00f3.png\"><img loading=\"lazy\" decoding=\"async\" src=\"http:\/\/www.presto.ma\/wp-content\/uploads\/Etapa_planificaci\u00f3-300x175.png\" alt=\"Etapa_planificaci\u00f3\" width=\"300\" height=\"175\" class=\"alignnone size-medium wp-image-5683\" srcset=\"http:\/\/www.presto.ma\/wp-content\/uploads\/Etapa_planificaci\u00f3-300x175.png 300w, http:\/\/www.presto.ma\/wp-content\/uploads\/Etapa_planificaci\u00f3.png 420w\" sizes=\"auto, (max-width: 300px) 100vw, 300px\" \/><\/a>\r\n<h5 class=\"subtitle\">Diagrama de barres amb Presto<\/h5>\r\n<p>M\u00e9s informaci\u00f3 en el &#8220;Cat\u00e0leg de Presto&#8221; de la p\u00e0gina principal o en el &#8220;Cat\u00e0leg de Presto en la etapa de planificaci\u00f3&#8221; que trobar\u00e0 al marge dret.<\/p>\r\n<h3>Plan-It<\/h3>\r\n<p>Consisteix en una s\u00e8rie de processos de Presto, vinculats al m\u00f2dul de Planificaci\u00f3, que ajuden a convertir el pressupost en una planificaci\u00f3, estalviant temps al re-utilitzar informaci\u00f3 definida al pressupost.<\/p>\r\n<p>Serveix com a enlla\u00e7 entre el sistema BIM i el programa de planificaci\u00f3 preferit, com un avantatge afegida per a obtenir el pressupost amb Cost-It.<\/p>\r\n<h3>Avantatges de l\u2019\u00fas de Presto<\/h3>\r\n<p>Presto mant\u00e9 de forma conjunta la planificaci\u00f3 i el pressupost de l\u2019obra, integrant totalment la informaci\u00f3 d\u2019ingressos, costos i temps.<br>Ofereix una visualitzaci\u00f3 intu\u00eftiva, flexible i personalitzable per a poder imprimir o veure, de manera sobreposada al diagrama de barres, qualsevol informaci\u00f3 compresa al pressupost.<\/p>\r\n<p>La planificaci\u00f3 econ\u00f2mica \u00e9s independent de la planificaci\u00f3 temporal, per\u00f2 es poden relacionar de diferents maneres:<\/p>\r\n<ul>\r\n\t<li>Generar la planificaci\u00f3 econ\u00f2mica a partir del diagrama de barres.<\/li>\r\n\t<li>Visualitzar la planificaci\u00f3 econ\u00f2mica sobre el diagrama.<\/li>\r\n\t<li>Situar les activitats en funci\u00f3 de la planificaci\u00f3 econ\u00f2mica.<\/li>\r\n<\/ul>\r\n<p>Per a agilitzar la creaci\u00f3 del diagrama de barres Presto permet crear autom\u00e0ticament enlla\u00e7os entre tasques, solapar o desfasar activitats o programar dues tasques en paral\u00b7lel amb l\u2019enlla\u00e7 doble (no suportat per altres programaris de gesti\u00f3 de projectes).<\/p>\r\n<ul>\r\n\t<li>Si s\u2019utilitzen altres programaris, com Microsoft Project o Primavera, Presto pot importar i exportar els resultats per a visualitzar-los, comprovar-los i reutilitzar-los a la planificaci\u00f3 econ\u00f2mica i a la gesti\u00f3 del projecte durant la execuci\u00f3.<\/li>\r\n\t<li>Presto subministra patrons de despesa com la Corba S, per a realitzar la periodificaci\u00f3 de la execuci\u00f3 de l\u2019obra per fases.<\/li>\r\n<\/ul>\r\n<p>A m\u00e9s, amb Presto pot realitzar un an\u00e0lisi financer molt prec\u00eds incl\u00fas en fases inicials o utilitzar els resultats de la planificaci\u00f3 per a comparar dades amb la certificaci\u00f3 durant la execuci\u00f3 real.<\/p>\r\n<h3>Productes disponibles<\/h3>\r\n<p><strong>Presto Planificaci\u00f3<\/strong><\/p>\r\n<h5 class=\"subtitle\">Planificaci\u00f3 econ\u00f2mica, financera d\u2019ingressos i despeses i temporal.<\/h5>\r\n\r\n\u2003\r\n<!-- AddThis Advanced Settings generic via filter on the_content --><!-- AddThis Share Buttons generic via filter on the_content -->","protected":false},"excerpt":{"rendered":"<p>Presto disposa de les eines necess\u00e0ries per a ajudar-lo en les tasques pr\u00e8vies a l\u2019execuci\u00f3 de l\u2019obra, com la planificaci\u00f3 econ\u00f2mica i financera d\u2019ingressos i costos o la planificaci\u00f3 temporal, com no trobar\u00e0 en cap altre programa de gesti\u00f3 de &hellip; <a href=\"http:\/\/www.presto.ma\/ca\/presto-a-letapa-de-planificacio\/\">Continue reading <span class=\"meta-nav\">&rarr;<\/span><\/a><!-- AddThis Advanced Settings generic via filter on wp_trim_excerpt --><!-- AddThis Share Buttons generic via filter on wp_trim_excerpt --><\/p>\n","protected":false},"author":2,"featured_media":0,"parent":0,"menu_order":0,"comment_status":"closed","ping_status":"closed","template":"","meta":{"_monsterinsights_skip_tracking":false,"_monsterinsights_sitenote_active":false,"_monsterinsights_sitenote_note":"","_monsterinsights_sitenote_category":0,"footnotes":""},"class_list":["post-5738","page","type-page","status-publish","hentry"],"yoast_head":"<!-- This site is optimized with the Yoast SEO plugin v27.4 - https:\/\/yoast.com\/product\/yoast-seo-wordpress\/ -->\n<title>Presto a l&#039;etapa de planificaci\u00f3 - Presto<\/title>\n<meta name=\"robots\" content=\"index, follow, max-snippet:-1, max-image-preview:large, max-video-preview:-1\" \/>\n<link rel=\"canonical\" href=\"http:\/\/www.presto.ma\/ca\/presto-a-letapa-de-planificacio\/\" \/>\n<meta property=\"og:locale\" content=\"ca_ES\" \/>\n<meta property=\"og:type\" content=\"article\" \/>\n<meta property=\"og:title\" content=\"Presto a l&#039;etapa de planificaci\u00f3 - Presto\" \/>\n<meta property=\"og:description\" content=\"Presto disposa de les eines necess\u00e0ries per a ajudar-lo en les tasques pr\u00e8vies a l\u2019execuci\u00f3 de l\u2019obra, com la planificaci\u00f3 econ\u00f2mica i financera d\u2019ingressos i costos o la planificaci\u00f3 temporal, com no trobar\u00e0 en cap altre programa de gesti\u00f3 de &hellip; Continue reading &rarr;\" \/>\n<meta property=\"og:url\" content=\"http:\/\/www.presto.ma\/ca\/presto-a-letapa-de-planificacio\/\" \/>\n<meta property=\"og:site_name\" content=\"Presto\" \/>\n<meta property=\"article:modified_time\" content=\"2017-09-11T08:33:13+00:00\" \/>\n<meta name=\"twitter:label1\" content=\"Temps estimat de lectura\" \/>\n\t<meta name=\"twitter:data1\" content=\"2 minuts\" \/>\n<script type=\"application\/ld+json\" class=\"yoast-schema-graph\">{\"@context\":\"https:\\\/\\\/schema.org\",\"@graph\":[{\"@type\":\"WebPage\",\"@id\":\"http:\\\/\\\/www.presto.ma\\\/ca\\\/presto-a-letapa-de-planificacio\\\/\",\"url\":\"http:\\\/\\\/www.presto.ma\\\/ca\\\/presto-a-letapa-de-planificacio\\\/\",\"name\":\"Presto a l'etapa de planificaci\u00f3 - Presto\",\"isPartOf\":{\"@id\":\"https:\\\/\\\/www.presto.ma\\\/#website\"},\"datePublished\":\"2015-03-23T18:17:24+00:00\",\"dateModified\":\"2017-09-11T08:33:13+00:00\",\"breadcrumb\":{\"@id\":\"http:\\\/\\\/www.presto.ma\\\/ca\\\/presto-a-letapa-de-planificacio\\\/#breadcrumb\"},\"inLanguage\":\"ca\",\"potentialAction\":[{\"@type\":\"ReadAction\",\"target\":[\"http:\\\/\\\/www.presto.ma\\\/ca\\\/presto-a-letapa-de-planificacio\\\/\"]}]},{\"@type\":\"BreadcrumbList\",\"@id\":\"http:\\\/\\\/www.presto.ma\\\/ca\\\/presto-a-letapa-de-planificacio\\\/#breadcrumb\",\"itemListElement\":[{\"@type\":\"ListItem\",\"position\":1,\"name\":\"Portada\",\"item\":\"http:\\\/\\\/www.presto.ma\\\/ca\\\/\"},{\"@type\":\"ListItem\",\"position\":2,\"name\":\"Presto a l&#8217;etapa de planificaci\u00f3\"}]},{\"@type\":\"WebSite\",\"@id\":\"https:\\\/\\\/www.presto.ma\\\/#website\",\"url\":\"https:\\\/\\\/www.presto.ma\\\/\",\"name\":\"Presto\",\"description\":\"Gestion de co\u00fbts pour la construction\",\"potentialAction\":[{\"@type\":\"SearchAction\",\"target\":{\"@type\":\"EntryPoint\",\"urlTemplate\":\"https:\\\/\\\/www.presto.ma\\\/?s={search_term_string}\"},\"query-input\":{\"@type\":\"PropertyValueSpecification\",\"valueRequired\":true,\"valueName\":\"search_term_string\"}}],\"inLanguage\":\"ca\"}]}<\/script>\n<!-- \/ Yoast SEO plugin. -->","yoast_head_json":{"title":"Presto a l'etapa de planificaci\u00f3 - Presto","robots":{"index":"index","follow":"follow","max-snippet":"max-snippet:-1","max-image-preview":"max-image-preview:large","max-video-preview":"max-video-preview:-1"},"canonical":"http:\/\/www.presto.ma\/ca\/presto-a-letapa-de-planificacio\/","og_locale":"ca_ES","og_type":"article","og_title":"Presto a l'etapa de planificaci\u00f3 - Presto","og_description":"Presto disposa de les eines necess\u00e0ries per a ajudar-lo en les tasques pr\u00e8vies a l\u2019execuci\u00f3 de l\u2019obra, com la planificaci\u00f3 econ\u00f2mica i financera d\u2019ingressos i costos o la planificaci\u00f3 temporal, com no trobar\u00e0 en cap altre programa de gesti\u00f3 de &hellip; Continue reading &rarr;","og_url":"http:\/\/www.presto.ma\/ca\/presto-a-letapa-de-planificacio\/","og_site_name":"Presto","article_modified_time":"2017-09-11T08:33:13+00:00","twitter_misc":{"Temps estimat de lectura":"2 minuts"},"schema":{"@context":"https:\/\/schema.org","@graph":[{"@type":"WebPage","@id":"http:\/\/www.presto.ma\/ca\/presto-a-letapa-de-planificacio\/","url":"http:\/\/www.presto.ma\/ca\/presto-a-letapa-de-planificacio\/","name":"Presto a l'etapa de planificaci\u00f3 - Presto","isPartOf":{"@id":"https:\/\/www.presto.ma\/#website"},"datePublished":"2015-03-23T18:17:24+00:00","dateModified":"2017-09-11T08:33:13+00:00","breadcrumb":{"@id":"http:\/\/www.presto.ma\/ca\/presto-a-letapa-de-planificacio\/#breadcrumb"},"inLanguage":"ca","potentialAction":[{"@type":"ReadAction","target":["http:\/\/www.presto.ma\/ca\/presto-a-letapa-de-planificacio\/"]}]},{"@type":"BreadcrumbList","@id":"http:\/\/www.presto.ma\/ca\/presto-a-letapa-de-planificacio\/#breadcrumb","itemListElement":[{"@type":"ListItem","position":1,"name":"Portada","item":"http:\/\/www.presto.ma\/ca\/"},{"@type":"ListItem","position":2,"name":"Presto a l&#8217;etapa de planificaci\u00f3"}]},{"@type":"WebSite","@id":"https:\/\/www.presto.ma\/#website","url":"https:\/\/www.presto.ma\/","name":"Presto","description":"Gestion de co\u00fbts pour la construction","potentialAction":[{"@type":"SearchAction","target":{"@type":"EntryPoint","urlTemplate":"https:\/\/www.presto.ma\/?s={search_term_string}"},"query-input":{"@type":"PropertyValueSpecification","valueRequired":true,"valueName":"search_term_string"}}],"inLanguage":"ca"}]}},"_links":{"self":[{"href":"http:\/\/www.presto.ma\/ca\/wp-json\/wp\/v2\/pages\/5738","targetHints":{"allow":["GET"]}}],"collection":[{"href":"http:\/\/www.presto.ma\/ca\/wp-json\/wp\/v2\/pages"}],"about":[{"href":"http:\/\/www.presto.ma\/ca\/wp-json\/wp\/v2\/types\/page"}],"author":[{"embeddable":true,"href":"http:\/\/www.presto.ma\/ca\/wp-json\/wp\/v2\/users\/2"}],"replies":[{"embeddable":true,"href":"http:\/\/www.presto.ma\/ca\/wp-json\/wp\/v2\/comments?post=5738"}],"version-history":[{"count":4,"href":"http:\/\/www.presto.ma\/ca\/wp-json\/wp\/v2\/pages\/5738\/revisions"}],"predecessor-version":[{"id":5846,"href":"http:\/\/www.presto.ma\/ca\/wp-json\/wp\/v2\/pages\/5738\/revisions\/5846"}],"wp:attachment":[{"href":"http:\/\/www.presto.ma\/ca\/wp-json\/wp\/v2\/media?parent=5738"}],"curies":[{"name":"wp","href":"https:\/\/api.w.org\/{rel}","templated":true}]}}