{"id":5733,"date":"2015-03-23T17:54:24","date_gmt":"2015-03-23T17:54:24","guid":{"rendered":"http:\/\/www.presto.ma\/?page_id=5733"},"modified":"2017-08-28T09:07:18","modified_gmt":"2017-08-28T09:07:18","slug":"presto-a-la-etapa-del-pressupost","status":"publish","type":"page","link":"https:\/\/www.presto.ma\/ca\/presto-a-la-etapa-del-pressupost\/","title":{"rendered":"Presto a l&#8217;etapa del pressupost"},"content":{"rendered":"<p>Presto permet estimar el cost i crear pressupostos pel professional de projectes o realitzar estudis i ofertes des del punt de vista de l\u2019empresa constructora.<\/p>\r\n<p>Incorpora nombroses funcions per a optimitzar, editar, filtrar, datar, importar i comparar els amidaments provinents de Presto o d\u2019altres or\u00edgens, aix\u00ed com informes oberts i flexibles que poden ser a personalitzats per l\u2019usuari.<\/p>\r\n<p>Ofereix un sistema d\u2019informaci\u00f3 integrada que permet associar el desglossament d\u2019amidaments, fitxers i dades que defineixen qualsevol projecte d\u2019edificaci\u00f3 i obra civil.<\/p>\r\n<a href=\"http:\/\/www.presto.ma\/wp-content\/uploads\/Presto_a_a_etapa_del_pressupost-1.png\"><img loading=\"lazy\" decoding=\"async\" src=\"http:\/\/www.presto.ma\/wp-content\/uploads\/Presto_a_a_etapa_del_pressupost-1-300x213.png\" alt=\"\" width=\"300\" height=\"213\" class=\"alignnone size-medium wp-image-5836\" srcset=\"https:\/\/www.presto.ma\/wp-content\/uploads\/Presto_a_a_etapa_del_pressupost-1-300x213.png 300w, https:\/\/www.presto.ma\/wp-content\/uploads\/Presto_a_a_etapa_del_pressupost-1-768x546.png 768w, https:\/\/www.presto.ma\/wp-content\/uploads\/Presto_a_a_etapa_del_pressupost-1-1024x728.png 1024w, https:\/\/www.presto.ma\/wp-content\/uploads\/Presto_a_a_etapa_del_pressupost-1.png 1337w\" sizes=\"auto, (max-width: 300px) 100vw, 300px\" \/><\/a>\r\n<br><em><FINT SIZE=2>Pressupost amb amidaments i text a Presto<\/FONT><\/em>\r\n<p>M\u00e9s informaci\u00f3 al &#8220;Cat\u00e0leg de Presto&#8221; de la p\u00e0gina principal o en el &#8220;Cat\u00e0leg de Presto en la etapa del projecte&#8221; que trobar\u00e0 al peu d\u2019aquesta p\u00e0gina.<\/p>\r\n<h3>Excel2Presto<\/h3>\r\n<p>Excel2Presto \u00e9s un complement d&#8217;Excel que permet convertir qualsevol full Excel que contingui un pressupost o un banc de preus m\u00e9s o menys estructurat en un pressupost de Presto.<\/p>\r\n<a href=\"http:\/\/www.presto.ma\/wp-content\/uploads\/Presto_a_a_etapa_del_pressupost-2.png\"><img loading=\"lazy\" decoding=\"async\" src=\"http:\/\/www.presto.ma\/wp-content\/uploads\/Presto_a_a_etapa_del_pressupost-2-300x111.png\" alt=\"\" width=\"300\" height=\"111\" class=\"alignnone size-medium wp-image-5837\" srcset=\"https:\/\/www.presto.ma\/wp-content\/uploads\/Presto_a_a_etapa_del_pressupost-2-300x111.png 300w, https:\/\/www.presto.ma\/wp-content\/uploads\/Presto_a_a_etapa_del_pressupost-2.png 650w\" sizes=\"auto, (max-width: 300px) 100vw, 300px\" \/><\/a>\r\n<br><em><FINT SIZE=2>Full d&#8217;Excel convertit a Presto amb el complement Excel2Presto<\/FONT><\/em>\r\n<h3>Avantatges de l\u2019\u00fas de Presto<\/h3>\r\n<ul>\r\n\t<li>Reutilitza tant la informaci\u00f3 entre pressupostos i bancs de preus propis o d\u2019autors diferents, como la informaci\u00f3 digital importada de models BIM o programaris com Microsoft Project i Primavera.<\/li>\r\n\t<li>Facilita la lectura i amidament de pl\u00e0nols complexes en format DWG, sense necessitat de preparaci\u00f3 pr\u00e8via ni una estructura obligatori.<\/li>\r\n\t<li>Disposa d\u2019una estructura pr\u00f2pia del sector de la construcci\u00f3, flexible i personalitzable, que proporciona un entorn compartit de manera que el contingut dels pressupostos dels diferents usuaris sempre es pot intercanviar, parcial o totalment, sense perdre informaci\u00f3 i sense que s\u2019alterin els resultats.<\/li>\r\n<\/ul>\r\n<h3>Productes disponibles<\/h3>\r\n<p><strong>Presto Pressupostos i amidaments<\/strong><\/p>\r\n<h5 class=\"subtitle\">Realitzaci\u00f3 de pressupostos i ofertes per a edificaci\u00f3 i obra civil.<\/h5>\r\n<p><strong>Presto Personalitzar informes<\/strong><\/p>\r\n<h5 class=\"subtitle\">Personalitzaci\u00f3 i creaci\u00f3 de nous informes.<\/h5>\r\n<p><strong>Presto Lectura de pl\u00e0nols DWG<\/strong><\/p>\r\n<h5 class=\"subtitle\">Extracci\u00f3 d\u2019amidament de pl\u00e0nols d\u2019AutoCAD o en format DWG.<\/h5>\r\n\u2003\r\n<!-- AddThis Advanced Settings generic via filter on the_content --><!-- AddThis Share Buttons generic via filter on the_content -->","protected":false},"excerpt":{"rendered":"<p>Presto permet estimar el cost i crear pressupostos pel professional de projectes o realitzar estudis i ofertes des del punt de vista de l\u2019empresa constructora. Incorpora nombroses funcions per a optimitzar, editar, filtrar, datar, importar i comparar els amidaments provinents &hellip; <a href=\"https:\/\/www.presto.ma\/ca\/presto-a-la-etapa-del-pressupost\/\">Continue reading <span class=\"meta-nav\">&rarr;<\/span><\/a><!-- AddThis Advanced Settings generic via filter on wp_trim_excerpt --><!-- AddThis Share Buttons generic via filter on wp_trim_excerpt --><\/p>\n","protected":false},"author":2,"featured_media":0,"parent":0,"menu_order":0,"comment_status":"closed","ping_status":"closed","template":"","meta":{"_monsterinsights_skip_tracking":false,"_monsterinsights_sitenote_active":false,"_monsterinsights_sitenote_note":"","_monsterinsights_sitenote_category":0,"footnotes":""},"class_list":["post-5733","page","type-page","status-publish","hentry"],"yoast_head":"<!-- This site is optimized with the Yoast SEO plugin v27.4 - https:\/\/yoast.com\/product\/yoast-seo-wordpress\/ -->\n<title>Presto a l&#039;etapa del pressupost - Presto<\/title>\n<meta name=\"robots\" content=\"index, follow, max-snippet:-1, max-image-preview:large, max-video-preview:-1\" \/>\n<link rel=\"canonical\" href=\"http:\/\/www.presto.ma\/ca\/presto-a-la-etapa-del-pressupost\/\" \/>\n<meta property=\"og:locale\" content=\"ca_ES\" \/>\n<meta property=\"og:type\" content=\"article\" \/>\n<meta property=\"og:title\" content=\"Presto a l&#039;etapa del pressupost - Presto\" \/>\n<meta property=\"og:description\" content=\"Presto permet estimar el cost i crear pressupostos pel professional de projectes o realitzar estudis i ofertes des del punt de vista de l\u2019empresa constructora. Incorpora nombroses funcions per a optimitzar, editar, filtrar, datar, importar i comparar els amidaments provinents &hellip; Continue reading &rarr;\" \/>\n<meta property=\"og:url\" content=\"http:\/\/www.presto.ma\/ca\/presto-a-la-etapa-del-pressupost\/\" \/>\n<meta property=\"og:site_name\" content=\"Presto\" \/>\n<meta property=\"article:modified_time\" content=\"2017-08-28T09:07:18+00:00\" \/>\n<meta property=\"og:image\" content=\"http:\/\/www.presto.ma\/wp-content\/uploads\/Presto_a_a_etapa_del_pressupost-1-300x213.png\" \/>\n<meta name=\"twitter:label1\" content=\"Temps estimat de lectura\" \/>\n\t<meta name=\"twitter:data1\" content=\"2 minuts\" \/>\n<script type=\"application\/ld+json\" class=\"yoast-schema-graph\">{\"@context\":\"https:\\\/\\\/schema.org\",\"@graph\":[{\"@type\":\"WebPage\",\"@id\":\"http:\\\/\\\/www.presto.ma\\\/ca\\\/presto-a-la-etapa-del-pressupost\\\/\",\"url\":\"http:\\\/\\\/www.presto.ma\\\/ca\\\/presto-a-la-etapa-del-pressupost\\\/\",\"name\":\"Presto a l'etapa del pressupost - Presto\",\"isPartOf\":{\"@id\":\"http:\\\/\\\/www.presto.ma\\\/ca\\\/#website\"},\"primaryImageOfPage\":{\"@id\":\"http:\\\/\\\/www.presto.ma\\\/ca\\\/presto-a-la-etapa-del-pressupost\\\/#primaryimage\"},\"image\":{\"@id\":\"http:\\\/\\\/www.presto.ma\\\/ca\\\/presto-a-la-etapa-del-pressupost\\\/#primaryimage\"},\"thumbnailUrl\":\"http:\\\/\\\/www.presto.ma\\\/wp-content\\\/uploads\\\/Presto_a_a_etapa_del_pressupost-1-300x213.png\",\"datePublished\":\"2015-03-23T17:54:24+00:00\",\"dateModified\":\"2017-08-28T09:07:18+00:00\",\"breadcrumb\":{\"@id\":\"http:\\\/\\\/www.presto.ma\\\/ca\\\/presto-a-la-etapa-del-pressupost\\\/#breadcrumb\"},\"inLanguage\":\"ca\",\"potentialAction\":[{\"@type\":\"ReadAction\",\"target\":[\"http:\\\/\\\/www.presto.ma\\\/ca\\\/presto-a-la-etapa-del-pressupost\\\/\"]}]},{\"@type\":\"ImageObject\",\"inLanguage\":\"ca\",\"@id\":\"http:\\\/\\\/www.presto.ma\\\/ca\\\/presto-a-la-etapa-del-pressupost\\\/#primaryimage\",\"url\":\"http:\\\/\\\/www.presto.ma\\\/wp-content\\\/uploads\\\/Presto_a_a_etapa_del_pressupost-1-300x213.png\",\"contentUrl\":\"http:\\\/\\\/www.presto.ma\\\/wp-content\\\/uploads\\\/Presto_a_a_etapa_del_pressupost-1-300x213.png\"},{\"@type\":\"BreadcrumbList\",\"@id\":\"http:\\\/\\\/www.presto.ma\\\/ca\\\/presto-a-la-etapa-del-pressupost\\\/#breadcrumb\",\"itemListElement\":[{\"@type\":\"ListItem\",\"position\":1,\"name\":\"Portada\",\"item\":\"http:\\\/\\\/www.presto.ma\\\/ca\\\/\"},{\"@type\":\"ListItem\",\"position\":2,\"name\":\"Presto a l&#8217;etapa del pressupost\"}]},{\"@type\":\"WebSite\",\"@id\":\"http:\\\/\\\/www.presto.ma\\\/ca\\\/#website\",\"url\":\"http:\\\/\\\/www.presto.ma\\\/ca\\\/\",\"name\":\"Presto\",\"description\":\"Gestion de co\u00fbts pour la construction\",\"potentialAction\":[{\"@type\":\"SearchAction\",\"target\":{\"@type\":\"EntryPoint\",\"urlTemplate\":\"http:\\\/\\\/www.presto.ma\\\/ca\\\/?s={search_term_string}\"},\"query-input\":{\"@type\":\"PropertyValueSpecification\",\"valueRequired\":true,\"valueName\":\"search_term_string\"}}],\"inLanguage\":\"ca\"}]}<\/script>\n<!-- \/ Yoast SEO plugin. -->","yoast_head_json":{"title":"Presto a l'etapa del pressupost - Presto","robots":{"index":"index","follow":"follow","max-snippet":"max-snippet:-1","max-image-preview":"max-image-preview:large","max-video-preview":"max-video-preview:-1"},"canonical":"http:\/\/www.presto.ma\/ca\/presto-a-la-etapa-del-pressupost\/","og_locale":"ca_ES","og_type":"article","og_title":"Presto a l'etapa del pressupost - Presto","og_description":"Presto permet estimar el cost i crear pressupostos pel professional de projectes o realitzar estudis i ofertes des del punt de vista de l\u2019empresa constructora. Incorpora nombroses funcions per a optimitzar, editar, filtrar, datar, importar i comparar els amidaments provinents &hellip; Continue reading &rarr;","og_url":"http:\/\/www.presto.ma\/ca\/presto-a-la-etapa-del-pressupost\/","og_site_name":"Presto","article_modified_time":"2017-08-28T09:07:18+00:00","og_image":[{"url":"http:\/\/www.presto.ma\/wp-content\/uploads\/Presto_a_a_etapa_del_pressupost-1-300x213.png","type":"","width":"","height":""}],"twitter_misc":{"Temps estimat de lectura":"2 minuts"},"schema":{"@context":"https:\/\/schema.org","@graph":[{"@type":"WebPage","@id":"http:\/\/www.presto.ma\/ca\/presto-a-la-etapa-del-pressupost\/","url":"http:\/\/www.presto.ma\/ca\/presto-a-la-etapa-del-pressupost\/","name":"Presto a l'etapa del pressupost - Presto","isPartOf":{"@id":"http:\/\/www.presto.ma\/ca\/#website"},"primaryImageOfPage":{"@id":"http:\/\/www.presto.ma\/ca\/presto-a-la-etapa-del-pressupost\/#primaryimage"},"image":{"@id":"http:\/\/www.presto.ma\/ca\/presto-a-la-etapa-del-pressupost\/#primaryimage"},"thumbnailUrl":"http:\/\/www.presto.ma\/wp-content\/uploads\/Presto_a_a_etapa_del_pressupost-1-300x213.png","datePublished":"2015-03-23T17:54:24+00:00","dateModified":"2017-08-28T09:07:18+00:00","breadcrumb":{"@id":"http:\/\/www.presto.ma\/ca\/presto-a-la-etapa-del-pressupost\/#breadcrumb"},"inLanguage":"ca","potentialAction":[{"@type":"ReadAction","target":["http:\/\/www.presto.ma\/ca\/presto-a-la-etapa-del-pressupost\/"]}]},{"@type":"ImageObject","inLanguage":"ca","@id":"http:\/\/www.presto.ma\/ca\/presto-a-la-etapa-del-pressupost\/#primaryimage","url":"http:\/\/www.presto.ma\/wp-content\/uploads\/Presto_a_a_etapa_del_pressupost-1-300x213.png","contentUrl":"http:\/\/www.presto.ma\/wp-content\/uploads\/Presto_a_a_etapa_del_pressupost-1-300x213.png"},{"@type":"BreadcrumbList","@id":"http:\/\/www.presto.ma\/ca\/presto-a-la-etapa-del-pressupost\/#breadcrumb","itemListElement":[{"@type":"ListItem","position":1,"name":"Portada","item":"http:\/\/www.presto.ma\/ca\/"},{"@type":"ListItem","position":2,"name":"Presto a l&#8217;etapa del pressupost"}]},{"@type":"WebSite","@id":"http:\/\/www.presto.ma\/ca\/#website","url":"http:\/\/www.presto.ma\/ca\/","name":"Presto","description":"Gestion de co\u00fbts pour la construction","potentialAction":[{"@type":"SearchAction","target":{"@type":"EntryPoint","urlTemplate":"http:\/\/www.presto.ma\/ca\/?s={search_term_string}"},"query-input":{"@type":"PropertyValueSpecification","valueRequired":true,"valueName":"search_term_string"}}],"inLanguage":"ca"}]}},"_links":{"self":[{"href":"https:\/\/www.presto.ma\/ca\/wp-json\/wp\/v2\/pages\/5733","targetHints":{"allow":["GET"]}}],"collection":[{"href":"https:\/\/www.presto.ma\/ca\/wp-json\/wp\/v2\/pages"}],"about":[{"href":"https:\/\/www.presto.ma\/ca\/wp-json\/wp\/v2\/types\/page"}],"author":[{"embeddable":true,"href":"https:\/\/www.presto.ma\/ca\/wp-json\/wp\/v2\/users\/2"}],"replies":[{"embeddable":true,"href":"https:\/\/www.presto.ma\/ca\/wp-json\/wp\/v2\/comments?post=5733"}],"version-history":[{"count":4,"href":"https:\/\/www.presto.ma\/ca\/wp-json\/wp\/v2\/pages\/5733\/revisions"}],"predecessor-version":[{"id":5835,"href":"https:\/\/www.presto.ma\/ca\/wp-json\/wp\/v2\/pages\/5733\/revisions\/5835"}],"wp:attachment":[{"href":"https:\/\/www.presto.ma\/ca\/wp-json\/wp\/v2\/media?parent=5733"}],"curies":[{"name":"wp","href":"https:\/\/api.w.org\/{rel}","templated":true}]}}