{"id":5740,"date":"2015-03-23T18:28:56","date_gmt":"2015-03-23T18:28:56","guid":{"rendered":"http:\/\/www.presto.ma\/?page_id=5740"},"modified":"2017-09-20T07:34:30","modified_gmt":"2017-09-20T07:34:30","slug":"presto-a-letapa-dexecucio","status":"publish","type":"page","link":"https:\/\/www.presto.ma\/ca\/presto-a-letapa-dexecucio\/","title":{"rendered":"Presto a l&#8217;etapa d&#8217;execuci\u00f3"},"content":{"rendered":"<p>Presto engloba totes les tasques durant la execuci\u00f3 d\u2019obra, des de la contractaci\u00f3, la certificaci\u00f3 i el seguiment fins a la facturaci\u00f3 i el control de costos.<\/p>\r\n<p>Les funcions que realitza Presto en aquesta etapa estan orientades a dos punts de vista diferents:<\/p>\r\n<ul>\r\n\t<li>Gestor del projecte o project manager<\/li>\r\n\t<li>Empresa constructora<\/li>\r\n<\/ul>\r\n<h3>Gestor del projecte, direcci\u00f3 de l\u2019obra i promotor<\/h3>\r\n<p>Presto proporciona els recursos per a realitzar des de la comparaci\u00f3 d\u2019ofertes, les certificacions i la gesti\u00f3 de canvis fins al seguiment del cost aplicant el m\u00e8tode del valor adquirit (EVM).<\/p>\r\n<a href=\"http:\/\/www.presto.ma\/wp-content\/uploads\/Etapa_execuci\u00f3_1.png\"><img loading=\"lazy\" decoding=\"async\" src=\"http:\/\/www.presto.ma\/wp-content\/uploads\/Etapa_execuci\u00f3_1-300x170.png\" alt=\"Etapa_execuci\u00f3_1\" width=\"300\" height=\"170\" class=\"alignnone size-medium wp-image-5680\" srcset=\"https:\/\/www.presto.ma\/wp-content\/uploads\/Etapa_execuci\u00f3_1-300x170.png 300w, https:\/\/www.presto.ma\/wp-content\/uploads\/Etapa_execuci\u00f3_1.png 420w\" sizes=\"auto, (max-width: 300px) 100vw, 300px\" \/><\/a>  \r\n<h5 class=\"subtitle\"><address>Certificaci\u00f3 per l\u00ednies d\u2019amidament amb Presto.<br>Seguin aquest m\u00e8tode s\u2019obt\u00e9 la versi\u00f3 as-built del pressupost.<\/address><\/h5>\r\n<h3>L\u2019empresa constructora<\/h3>\r\n<p>Presto permet realitzar la contractaci\u00f3, el seguiment de la producci\u00f3, la facturaci\u00f3 i els resultats econ\u00f2mics de l\u2019obra durant la execuci\u00f3 i per aix\u00f2 separa les tasques de control i seguiment en processos independents.<\/p>\r\n<a href=\"http:\/\/www.presto.ma\/wp-content\/uploads\/Etapa_execuci\u00f3_2.png\"><img loading=\"lazy\" decoding=\"async\" src=\"http:\/\/www.presto.ma\/wp-content\/uploads\/Etapa_execuci\u00f3_2-300x183.png\" alt=\"Etapa_execuci\u00f3_2\" width=\"300\" height=\"183\" class=\"alignnone size-medium wp-image-5677\" srcset=\"https:\/\/www.presto.ma\/wp-content\/uploads\/Etapa_execuci\u00f3_2-300x183.png 300w, https:\/\/www.presto.ma\/wp-content\/uploads\/Etapa_execuci\u00f3_2.png 420w\" sizes=\"auto, (max-width: 300px) 100vw, 300px\" \/><\/a>\r\n <h5 class=\"subtitle\"><address>Gr\u00e0fic generat per Presto en Excel amb els resultats del m\u00e8tode del valor adquirit (EVM), des del punt de vista de l\u2019empresa constructora.<\/address><\/h5>\r\n<p>M\u00e9s informaci\u00f3 al &#8220;Cat\u00e0leg de Presto&#8221; de la p\u00e0gina principal o al &#8220;Cat\u00e0leg de Presto a la gesti\u00f3 del projecte&#8221; i &#8220;Cat\u00e0leg de Presto per a l\u2019empresa constructora&#8221; que trobar\u00e0 al marge dret d\u2019aquesta p\u00e0gina.<\/p>\r\n<h3>Avantatges de l\u2019\u00fas de Presto<\/h3>\r\n<p>Es construeix all\u00f2 que es projecta, i per tant, es certifica all\u00f2 que es pressuposta. La certificaci\u00f3 \u00e9s el &#8220;as-built&#8221; del pressupost, afegint les variacions que hagin sorgit durant l\u2019execuci\u00f3.<\/p>\r\n \r\n<ul>\r\n\t<li>Amb Presto es poden certificar les mateixes l\u00ednies d\u2019amidament que detallen el pressupost. Aquest procediment, especialment adequat quan els amidament provenen d\u2019un model BIM, permet extreure informaci\u00f3 molt \u00fatil sobre la evoluci\u00f3 del cost i el termini.<\/li>\r\n\t<li>Presto posa a l\u2019al\u00e7ada d\u2019empreses constructores i promotores de qualsevol grand\u00e0ria els m\u00e8todes i els recursos inform\u00e0tics de les empreses m\u00e9s avan\u00e7ades del sector, proporcionant un sistema integrat de control de costos.<\/li>\r\n\t<li>Per a agilitzar el treball i mantenir uns procediments uniformes a tota l\u2019empresa, Presto ofereix opcions predefinides de compra i prove\u00efdors, la generaci\u00f3 autom\u00e0tica de documents i un proc\u00e9s de facturaci\u00f3 espec\u00edficament orientat a la construcci\u00f3 que permet comprovar d\u2019un cop d\u2019ull la situaci\u00f3 global.<\/li>\r\n<\/ul>\r\n<p>A m\u00e9s Presto ofereix informes i plantilles obertes i personalitzables per a tots els documents que cal que presenti la direcci\u00f3 de l\u2019obra o l\u2019empresa constructora.<\/p>\r\n<h3>Productes disponibles<\/h3>\r\n<p><strong>Presto Contractaci\u00f3<\/strong><\/p>\r\n<h5 class=\"subtitle\">Proc\u00e9s complet de contractaci\u00f3 i aprovisionament dels recursos necessaris per a executar l\u2019obra.<\/h5>\r\n<p><strong>Presto Gesti\u00f3 del projecte<\/strong><\/p>\r\n<h5 class=\"subtitle\">Certificaci\u00f3 i seguiment econ\u00f2mic de l\u2019obra per a la direcci\u00f3 de l\u2019obra, el project manager i el promotor.<\/h5>\r\n<p><strong>Presto Facturaci\u00f3 i control<\/strong><\/p>\r\n<h5 class=\"subtitle\">Producci\u00f3, facturaci\u00f3 i control de costos per a constructores.<\/h5>\r\n\u2003\r\n<!-- AddThis Advanced Settings generic via filter on the_content --><!-- AddThis Share Buttons generic via filter on the_content -->","protected":false},"excerpt":{"rendered":"<p>Presto engloba totes les tasques durant la execuci\u00f3 d\u2019obra, des de la contractaci\u00f3, la certificaci\u00f3 i el seguiment fins a la facturaci\u00f3 i el control de costos. Les funcions que realitza Presto en aquesta etapa estan orientades a dos punts &hellip; <a href=\"https:\/\/www.presto.ma\/ca\/presto-a-letapa-dexecucio\/\">Continue reading <span class=\"meta-nav\">&rarr;<\/span><\/a><!-- AddThis Advanced Settings generic via filter on wp_trim_excerpt --><!-- AddThis Share Buttons generic via filter on wp_trim_excerpt --><\/p>\n","protected":false},"author":2,"featured_media":0,"parent":0,"menu_order":0,"comment_status":"closed","ping_status":"closed","template":"","meta":{"_monsterinsights_skip_tracking":false,"_monsterinsights_sitenote_active":false,"_monsterinsights_sitenote_note":"","_monsterinsights_sitenote_category":0,"footnotes":""},"class_list":["post-5740","page","type-page","status-publish","hentry"],"yoast_head":"<!-- This site is optimized with the Yoast SEO plugin v27.4 - https:\/\/yoast.com\/product\/yoast-seo-wordpress\/ -->\n<title>Presto a l&#039;etapa d&#039;execuci\u00f3 - Presto<\/title>\n<meta name=\"robots\" content=\"index, follow, max-snippet:-1, max-image-preview:large, max-video-preview:-1\" \/>\n<link rel=\"canonical\" href=\"https:\/\/www.presto.ma\/ca\/presto-a-letapa-dexecucio\/\" \/>\n<meta property=\"og:locale\" content=\"ca_ES\" \/>\n<meta property=\"og:type\" content=\"article\" \/>\n<meta property=\"og:title\" content=\"Presto a l&#039;etapa d&#039;execuci\u00f3 - Presto\" \/>\n<meta property=\"og:description\" content=\"Presto engloba totes les tasques durant la execuci\u00f3 d\u2019obra, des de la contractaci\u00f3, la certificaci\u00f3 i el seguiment fins a la facturaci\u00f3 i el control de costos. Les funcions que realitza Presto en aquesta etapa estan orientades a dos punts &hellip; Continue reading &rarr;\" \/>\n<meta property=\"og:url\" content=\"https:\/\/www.presto.ma\/ca\/presto-a-letapa-dexecucio\/\" \/>\n<meta property=\"og:site_name\" content=\"Presto\" \/>\n<meta property=\"article:modified_time\" content=\"2017-09-20T07:34:30+00:00\" \/>\n<meta name=\"twitter:label1\" content=\"Temps estimat de lectura\" \/>\n\t<meta name=\"twitter:data1\" content=\"2 minuts\" \/>\n<script type=\"application\/ld+json\" class=\"yoast-schema-graph\">{\"@context\":\"https:\\\/\\\/schema.org\",\"@graph\":[{\"@type\":\"WebPage\",\"@id\":\"https:\\\/\\\/www.presto.ma\\\/ca\\\/presto-a-letapa-dexecucio\\\/\",\"url\":\"https:\\\/\\\/www.presto.ma\\\/ca\\\/presto-a-letapa-dexecucio\\\/\",\"name\":\"Presto a l'etapa d'execuci\u00f3 - Presto\",\"isPartOf\":{\"@id\":\"http:\\\/\\\/www.presto.ma\\\/ca\\\/#website\"},\"datePublished\":\"2015-03-23T18:28:56+00:00\",\"dateModified\":\"2017-09-20T07:34:30+00:00\",\"breadcrumb\":{\"@id\":\"https:\\\/\\\/www.presto.ma\\\/ca\\\/presto-a-letapa-dexecucio\\\/#breadcrumb\"},\"inLanguage\":\"ca\",\"potentialAction\":[{\"@type\":\"ReadAction\",\"target\":[\"https:\\\/\\\/www.presto.ma\\\/ca\\\/presto-a-letapa-dexecucio\\\/\"]}]},{\"@type\":\"BreadcrumbList\",\"@id\":\"https:\\\/\\\/www.presto.ma\\\/ca\\\/presto-a-letapa-dexecucio\\\/#breadcrumb\",\"itemListElement\":[{\"@type\":\"ListItem\",\"position\":1,\"name\":\"Portada\",\"item\":\"http:\\\/\\\/www.presto.ma\\\/ca\\\/\"},{\"@type\":\"ListItem\",\"position\":2,\"name\":\"Presto a l&#8217;etapa d&#8217;execuci\u00f3\"}]},{\"@type\":\"WebSite\",\"@id\":\"http:\\\/\\\/www.presto.ma\\\/ca\\\/#website\",\"url\":\"http:\\\/\\\/www.presto.ma\\\/ca\\\/\",\"name\":\"Presto\",\"description\":\"Gestion de co\u00fbts pour la construction\",\"potentialAction\":[{\"@type\":\"SearchAction\",\"target\":{\"@type\":\"EntryPoint\",\"urlTemplate\":\"http:\\\/\\\/www.presto.ma\\\/ca\\\/?s={search_term_string}\"},\"query-input\":{\"@type\":\"PropertyValueSpecification\",\"valueRequired\":true,\"valueName\":\"search_term_string\"}}],\"inLanguage\":\"ca\"}]}<\/script>\n<!-- \/ Yoast SEO plugin. -->","yoast_head_json":{"title":"Presto a l'etapa d'execuci\u00f3 - Presto","robots":{"index":"index","follow":"follow","max-snippet":"max-snippet:-1","max-image-preview":"max-image-preview:large","max-video-preview":"max-video-preview:-1"},"canonical":"https:\/\/www.presto.ma\/ca\/presto-a-letapa-dexecucio\/","og_locale":"ca_ES","og_type":"article","og_title":"Presto a l'etapa d'execuci\u00f3 - Presto","og_description":"Presto engloba totes les tasques durant la execuci\u00f3 d\u2019obra, des de la contractaci\u00f3, la certificaci\u00f3 i el seguiment fins a la facturaci\u00f3 i el control de costos. Les funcions que realitza Presto en aquesta etapa estan orientades a dos punts &hellip; Continue reading &rarr;","og_url":"https:\/\/www.presto.ma\/ca\/presto-a-letapa-dexecucio\/","og_site_name":"Presto","article_modified_time":"2017-09-20T07:34:30+00:00","twitter_misc":{"Temps estimat de lectura":"2 minuts"},"schema":{"@context":"https:\/\/schema.org","@graph":[{"@type":"WebPage","@id":"https:\/\/www.presto.ma\/ca\/presto-a-letapa-dexecucio\/","url":"https:\/\/www.presto.ma\/ca\/presto-a-letapa-dexecucio\/","name":"Presto a l'etapa d'execuci\u00f3 - Presto","isPartOf":{"@id":"http:\/\/www.presto.ma\/ca\/#website"},"datePublished":"2015-03-23T18:28:56+00:00","dateModified":"2017-09-20T07:34:30+00:00","breadcrumb":{"@id":"https:\/\/www.presto.ma\/ca\/presto-a-letapa-dexecucio\/#breadcrumb"},"inLanguage":"ca","potentialAction":[{"@type":"ReadAction","target":["https:\/\/www.presto.ma\/ca\/presto-a-letapa-dexecucio\/"]}]},{"@type":"BreadcrumbList","@id":"https:\/\/www.presto.ma\/ca\/presto-a-letapa-dexecucio\/#breadcrumb","itemListElement":[{"@type":"ListItem","position":1,"name":"Portada","item":"http:\/\/www.presto.ma\/ca\/"},{"@type":"ListItem","position":2,"name":"Presto a l&#8217;etapa d&#8217;execuci\u00f3"}]},{"@type":"WebSite","@id":"http:\/\/www.presto.ma\/ca\/#website","url":"http:\/\/www.presto.ma\/ca\/","name":"Presto","description":"Gestion de co\u00fbts pour la construction","potentialAction":[{"@type":"SearchAction","target":{"@type":"EntryPoint","urlTemplate":"http:\/\/www.presto.ma\/ca\/?s={search_term_string}"},"query-input":{"@type":"PropertyValueSpecification","valueRequired":true,"valueName":"search_term_string"}}],"inLanguage":"ca"}]}},"_links":{"self":[{"href":"https:\/\/www.presto.ma\/ca\/wp-json\/wp\/v2\/pages\/5740","targetHints":{"allow":["GET"]}}],"collection":[{"href":"https:\/\/www.presto.ma\/ca\/wp-json\/wp\/v2\/pages"}],"about":[{"href":"https:\/\/www.presto.ma\/ca\/wp-json\/wp\/v2\/types\/page"}],"author":[{"embeddable":true,"href":"https:\/\/www.presto.ma\/ca\/wp-json\/wp\/v2\/users\/2"}],"replies":[{"embeddable":true,"href":"https:\/\/www.presto.ma\/ca\/wp-json\/wp\/v2\/comments?post=5740"}],"version-history":[{"count":1,"href":"https:\/\/www.presto.ma\/ca\/wp-json\/wp\/v2\/pages\/5740\/revisions"}],"predecessor-version":[{"id":5741,"href":"https:\/\/www.presto.ma\/ca\/wp-json\/wp\/v2\/pages\/5740\/revisions\/5741"}],"wp:attachment":[{"href":"https:\/\/www.presto.ma\/ca\/wp-json\/wp\/v2\/media?parent=5740"}],"curies":[{"name":"wp","href":"https:\/\/api.w.org\/{rel}","templated":true}]}}